{"id":188,"date":"2023-06-20T08:23:46","date_gmt":"2023-06-20T06:23:46","guid":{"rendered":"http:\/\/dev.giscorp-group.com\/?page_id=188"},"modified":"2024-11-18T11:43:20","modified_gmt":"2024-11-18T10:43:20","slug":"home","status":"publish","type":"page","link":"http:\/\/dev.giscorp-group.com\/en\/","title":{"rendered":"Home"},"content":{"rendered":"\n<section class=\"wp-block-group wrap intro\"><div class=\"wp-block-group__inner-container is-layout-constrained wp-block-group-is-layout-constrained\">\n<div class=\"wp-block-columns is-layout-flex wp-container-core-columns-is-layout-9d6595d7 wp-block-columns-is-layout-flex\">\n<div class=\"wp-block-column is-vertically-aligned-center is-layout-flow wp-block-column-is-layout-flow\">\n<h1 class=\"wp-block-heading\">Nous construisons la prochaine g\u00e9n\u00e9ration d&#8217;agro-industrie en Afrique<\/h1>\n\n\n\n<p>Giscorp renforce l&#8217;agro-industrie africaine gr\u00e2ce \u00e0 la technologie, aux pratiques durables et \u00e0 la croissance \u00e9conomique, en encourageant l&#8217;innovation pour un avenir r\u00e9silient et prosp\u00e8re dans l&#8217;agriculture \u00e0 travers le continent.<\/p>\n\n\n\n<div style=\"height:1rem\" aria-hidden=\"true\" class=\"wp-block-spacer\"><\/div>\n\n\n\n<div class=\"wp-block-buttons is-layout-flex wp-block-buttons-is-layout-flex\">\n<div class=\"wp-block-button alt\"><a class=\"wp-block-button__link wp-element-button\" href=\"\/qui-sommes-nous\/\">\u00c0 propos de Giscorp<\/a><\/div>\n\n\n\n<div class=\"wp-block-button\"><a class=\"wp-block-button__link wp-element-button\" href=\"\/nos-produits\/\">D\u00e9couvrez nos produits<\/a><\/div>\n<\/div>\n<\/div>\n\n\n\n<div class=\"wp-block-column is-layout-flow wp-block-column-is-layout-flow\"><svg id=\"logo-cube\" xmlns=\"http:\/\/www.w3.org\/2000\/svg\" xmlns:xlink=\"http:\/\/www.w3.org\/1999\/xlink\" x=\"0px\" y=\"0px\" viewBox=\"0 0 179.4 185\" xml:space=\"preserve\">\r\n<style type=\"text\/css\">\r\n\t.color0{fill:#7E905C;}\r\n\t.color1{fill:#FEF0B2;}\r\n\t.color2{fill:#E1DFE0;}\r\n\t.color3{fill:#FFCE00;}\r\n\t.color4{fill:#3A5F28;}\r\n\t.color5{fill:#F0F0F1;}\r\n\t.color6{fill:#7AB929;}\r\n\t.color7{fill:#3A672B;}\r\n\t.color8{fill:#B2CD6E;}\r\n<\/style>\r\n<g>\r\n\t<polygon class=\"color0\" points=\"0,99.3 0,154.4 49,182.8 49,167.4 13.3,146.7 13.3,106.8 \"\/>\r\n\t<polygon class=\"color1\" points=\"41.4,27.9 55,35.5 89.9,15.1 124.5,35.1 137.8,27.5 89.9,0 \"\/>\r\n\t<path class=\"color2\" d=\"M115.8,105.7l-14.2-8.2v14.8l14.2,7V105.7z M113.8,90.2l0.2-14.7L90,61.6v15.1L113.8,90.2z M53,83.1l-13.2-7.6\r\n\t\tv58l50.3,29v-15.5L53,126V83.1z M115.8,119.4l11.3,6.6v-13.2L115.8,119.4z\"\/>\r\n\t<path class=\"color3\" d=\"M140.4,75.5l13.2-7.6L90,31.2h-0.1L26.5,67.9l13.3,7.6L90,46.4l37.4,21.2L140.4,75.5z M66.2,118.3v0.1\r\n\t\tl24.3,14.9l25.3-13.9l-14.2-7l-11.5,6.4l-12-7.3L66.2,118.3z\"\/>\r\n\t<path class=\"color4\" d=\"M90,76.7v14.4l11.6,6.5l12.2-6.8v-0.6L90,76.7z M39.8,75.5l-13.3-7.6v73.2L90,178v-15.5l-50.3-29V75.5z\"\/>\r\n\t<path class=\"color5\" d=\"M140.4,133.3V91.2l-24.6,14.5v13.6l11.3-6.6V126L90,147.1v15.5L140.4,133.3z M127.4,67.6l-13.3,7.9l-0.2,14.7\r\n\t\tv0.6l0.4-0.4l13.2-7.3V67.6z M90,76.7V61.6L53,83.1V126l13.3-7.6v-0.1V90.8L90,76.7z\"\/>\r\n\t<path class=\"color6\" d=\"M140.4,75.5v15.7v42.1L90,162.6V178l63.6-36.8V67.9L140.4,75.5z M90,91.1V76.7L66.2,90.8v27.5l11.9-6.8V98.4\r\n\t\tL90,91.1z\"\/>\r\n\t<polygon class=\"color7\" points=\"140.4,91.2 140.4,75.5 127.4,67.6 127.4,83.1 \"\/>\r\n\t<polygon class=\"color8\" points=\"179.4,99.8 166.1,107.5 166.1,148.6 130.3,169.6 130.3,185 179.4,156.6 \"\/>\r\n<\/g>\r\n<\/svg>\r\n\n<\/div>\n<\/div>\n<\/div><\/section>\n\n\n\n<section class=\"wp-block-group hero has-background\" style=\"background-color:#e9ede7\"><div class=\"wp-block-group__inner-container is-layout-constrained wp-block-group-is-layout-constrained\">\n<h2 class=\"wp-block-heading has-text-align-center\">S&#8217;adresse \u00e0 de nouveaux march\u00e9s<br>Huile alimentaire &#8211; Fruits et l\u00e9gumes<\/h2>\n\n\n\n<div style=\"height:1rem\" aria-hidden=\"true\" class=\"wp-block-spacer\"><\/div>\n\n\n\n<div class=\"wp-block-columns wrap is-layout-flex wp-container-core-columns-is-layout-9d6595d7 wp-block-columns-is-layout-flex\">\n<div class=\"wp-block-column is-layout-flow wp-block-column-is-layout-flow\">\n<h3 class=\"wp-block-heading\"><i class=\"fas fa-map-pin\"><\/i>Sources locales<\/h3>\n\n\n\n<p>La strat\u00e9gie d\u00e9velopp\u00e9e par Giscorp s&#8217;appuie sur le d\u00e9veloppement de l&#8217;approvisionnement en mati\u00e8re premi\u00e8res locale.<\/p>\n\n\n\n<p>Les produits \u00e9labor\u00e9s et d\u00e9velopp\u00e9s au sein de Giscorp ont pour objectif de renforcer l&#8217;utilisation de la recherche pour augmenter la valeur des produits transform\u00e9s localement.<\/p>\n\n\n\n<p>L&#8217;organisation tr\u00e8s en amont de notre syst\u00e8me d&#8217;approvisonnement nous permet des r\u00e9duire le rayon de dispersion de nos agriculteurs et limiter ainsi nos co\u00fbts et augmenter le b\u00e9n\u00e9fice consommateur.<\/p>\n<\/div>\n\n\n\n<div class=\"wp-block-column is-layout-flow wp-block-column-is-layout-flow\">\n<h3 class=\"wp-block-heading\"><i class=\"fas fa-hand-holding-seedling\"><\/i>Approche perturbatrice<\/h3>\n\n\n\n<p>Avec son concept EcoTriLogy, GISCORP aborde la transformation de produits agricoles de mani\u00e8re disruptive en mettant en place une approche produit centr\u00e9e sur une vision 360 du produit dans son environnement.<\/p>\n\n\n\n<p>Une int\u00e9gration compl\u00e8te de tous les aspects du d\u00e9veloppement en continu de nos produit qui nous permet de l&#8217;adapter \u00e0 chaque \u00e9tape selon l&#8217;\u00e9volution du march\u00e9 et l&#8217;environnement socio \u00e9conomique amont et aval.<\/p>\n\n\n\n<p>Cette approche permet d&#8217;impl\u00e9menter une production design to cost qui adapte automatiquement nos co\u00fbts \u00e0 notre production.<\/p>\n<\/div>\n\n\n\n<div class=\"wp-block-column is-layout-flow wp-block-column-is-layout-flow\">\n<h3 class=\"wp-block-heading\"><i class=\"fas fa-magnifying-glass-chart\"><\/i>L&#8217;esprit des donn\u00e9es<\/h3>\n\n\n\n<p>GISCORP a choisi d&#8217;int\u00e9grer l&#8217;utilisation massive de donn\u00e9es analys\u00e9e dans sa plateforme Deep Data d\u00e9velopp\u00e9e sp\u00e9cialement pour comprendre les enjeux des environnements agricoles locaux et l&#8217;\u00e9volution de la dynamique de l&#8217;ensemble de ses zone client\u00e8le.<\/p>\n\n\n\n<p>Cette capacit\u00e9 d&#8217;analyse permet de mieux adapter la conception de ses produit \u00e0 la fois sur les processus d&#8217;approvisionnement et les attentes des march\u00e9 de consommation.<\/p>\n\n\n\n<p>L&#8217;analyse en continu des sources de donn\u00e9es int\u00e9gr\u00e9es par GISCORP augmente les capacit\u00e9 d&#8217;adaptation en continue de notre mod\u00e8le de production et nous permet d&#8217;int\u00e9grer une tra\u00e7abilit\u00e9 robuste de nos produit de la semence au produit fini.<\/p>\n\n\n\n<p>Cette technologie nous permet en m\u00eame temps une ma\u00eetrise des co\u00fbt extr\u00eamement robuste et flexible de notre syst\u00e8me de production.<\/p>\n<\/div>\n<\/div>\n\n\n\n<div class=\"wp-block-buttons is-content-justification-center is-layout-flex wp-container-core-buttons-is-layout-16018d1d wp-block-buttons-is-layout-flex\">\n<div class=\"wp-block-button\"><a class=\"wp-block-button__link wp-element-button\" href=\"http:\/\/dev.giscorp-group.com\/nos-produits\/\">Voir nos produits<\/a><\/div>\n<\/div>\n<\/div><\/section>\n\n\n\n<section class=\"wp-block-group wrap ecotrilogy\"><div class=\"wp-block-group__inner-container is-layout-constrained wp-block-group-is-layout-constrained\">\n<h2 class=\"wp-block-heading has-text-align-center\">EcoTrilogie &#8211; Nos trois pilliers<\/h2>\n\n\n\n<div style=\"height:3rem\" aria-hidden=\"true\" class=\"wp-block-spacer\"><\/div>\n\n\n\n<div class=\"wp-block-columns is-layout-flex wp-container-core-columns-is-layout-9d6595d7 wp-block-columns-is-layout-flex\">\n<div class=\"wp-block-column is-layout-flow wp-block-column-is-layout-flow\">\n<\/div>\n\n\n\n<div class=\"wp-block-column is-layout-flow wp-block-column-is-layout-flow\">\n<div class=\"wp-block-group\"><div class=\"wp-block-group__inner-container is-layout-constrained wp-block-group-is-layout-constrained\">\n<h3 class=\"wp-block-heading\">Ecologie<\/h3>\n\n\n\n<p>Giscorp respecte les hommes et le terroir en pr\u00f4nant une approche durable de la culture des esp\u00e8ces indig\u00e8nes de fruits et l\u00e9gumes.<\/p>\n<\/div><\/div>\n\n\n\n<div class=\"wp-block-group\"><div class=\"wp-block-group__inner-container is-layout-constrained wp-block-group-is-layout-constrained\">\n<h3 class=\"wp-block-heading\">Economie<\/h3>\n\n\n\n<p>Notre Business Model repose sur les circuits courts et la collaboration avec les ressources locales, en assurant rentabilit\u00e9 et reproductibilit\u00e9.<\/p>\n<\/div><\/div>\n\n\n\n<div class=\"wp-block-group\"><div class=\"wp-block-group__inner-container is-layout-constrained wp-block-group-is-layout-constrained\">\n<h3 class=\"wp-block-heading\">Technologie<\/h3>\n\n\n\n<p>Notre approche artisanale est support\u00e9e par une technologie de pointe qui nous permet d&#8217;agir localement, tout en pensant globalement.<\/p>\n<\/div><\/div>\n<\/div>\n<\/div>\n<\/div><\/section>\n\n\n\n<p><\/p>\n","protected":false},"excerpt":{"rendered":"<p>Nous construisons la prochaine g\u00e9n\u00e9ration d&#8217;agro-industrie en Afrique Giscorp renforce l&#8217;agro-industrie africaine gr\u00e2ce \u00e0 la technologie, aux pratiques durables et \u00e0 la croissance \u00e9conomique, en encourageant l&#8217;innovation pour un avenir r\u00e9silient et prosp\u00e8re dans l&#8217;agriculture \u00e0 travers le continent. S&#8217;adresse \u00e0 de nouveaux march\u00e9sHuile alimentaire &#8211; Fruits et l\u00e9gumes Sources locales La strat\u00e9gie d\u00e9velopp\u00e9e par [&hellip;]<\/p>\n","protected":false},"author":1,"featured_media":0,"parent":0,"menu_order":0,"comment_status":"closed","ping_status":"closed","template":"theme-templates\/template-homepage.php","meta":{"_acf_changed":false,"footnotes":""},"class_list":["post-188","page","type-page","status-publish","hentry"],"acf":[],"_links":{"self":[{"href":"http:\/\/dev.giscorp-group.com\/en\/wp-json\/wp\/v2\/pages\/188","targetHints":{"allow":["GET"]}}],"collection":[{"href":"http:\/\/dev.giscorp-group.com\/en\/wp-json\/wp\/v2\/pages"}],"about":[{"href":"http:\/\/dev.giscorp-group.com\/en\/wp-json\/wp\/v2\/types\/page"}],"author":[{"embeddable":true,"href":"http:\/\/dev.giscorp-group.com\/en\/wp-json\/wp\/v2\/users\/1"}],"replies":[{"embeddable":true,"href":"http:\/\/dev.giscorp-group.com\/en\/wp-json\/wp\/v2\/comments?post=188"}],"version-history":[{"count":1,"href":"http:\/\/dev.giscorp-group.com\/en\/wp-json\/wp\/v2\/pages\/188\/revisions"}],"predecessor-version":[{"id":189,"href":"http:\/\/dev.giscorp-group.com\/en\/wp-json\/wp\/v2\/pages\/188\/revisions\/189"}],"wp:attachment":[{"href":"http:\/\/dev.giscorp-group.com\/en\/wp-json\/wp\/v2\/media?parent=188"}],"curies":[{"name":"wp","href":"https:\/\/api.w.org\/{rel}","templated":true}]}}